{"id":16,"date":"2011-05-31T02:34:07","date_gmt":"2011-05-31T02:34:07","guid":{"rendered":"http:\/\/academiaguarni.com\/?page_id=16"},"modified":"2011-05-31T02:34:07","modified_gmt":"2011-05-31T02:34:07","slug":"patronaje-industrial","status":"publish","type":"page","link":"https:\/\/leoreyesdevlabs.com\/academiaguarni\/patronaje-industrial\/","title":{"rendered":"Patronaje Industrial"},"content":{"rendered":"<p>\t\t\t\t<img loading=\"lazy\" decoding=\"async\" class=\"alignnone wp-image-311 size-full\" src=\"http:\/\/academiaguarni.com\/wp-content\/uploads\/2011\/05\/Ropa-1.jpg\" alt=\"Patronaje Industrial\" width=\"500\" height=\"375\" \/><\/p>\n<p>Es el sistema de organizaci\u00f3n de la construcci\u00f3n de una prenda de vestir, consistente en desglosar por piezas separadas las diferentes \u00e1reas del cuerpo humano a vestir, de forma y manera que cada pieza de tela se adapte a ese \u00e1rea y que la uni\u00f3n de todas las piezas en un orden predeterminado produzca como resultado un modelo de prenda que se corresponda con el dise\u00f1o del modelo propuesto.<\/p>\n<div>A cada una de estas piezas, dibujadas sobre papel y cortadas en papel o cart\u00f3n, se las llama patr\u00f3n de la pieza y al conjunto de todas ellas se llama patr\u00f3n del modelo.<br \/>\nEstas piezas son figuras geom\u00e9tricas planas, resultantes de dividir en partes otra figura geom\u00e9trica plana. Cada pieza y el conjunto ordenado de todas ellas pueden copiarse en serie y reproducirse a escala.<br \/>\nEn la industria de la confecci\u00f3n existen libros de patrones que contienen los patrones base o maestros de la mayor\u00eda de las prendas est\u00e1ndar: pantalones de se\u00f1ora, de caballero, faldas, camisas, etc., que son \u00fatiles en los talleres de los patronistas profesionales para la estructura b\u00e1sica del patr\u00f3n del modelo. Sin embargo, adem\u00e1s de encontrarnos con la circunstancia frecuente de tener que hacer el patr\u00f3n de una prenda para la que no existe un maestro previo, debemos conocer la t\u00e9cnica del patronaje, tanto para interpretar correctamente los maestros como para crear nuestros patrones base y, por supuesto, conocer la t\u00e9cnica del escalado para utilizar los patrones creados por nosotros.<\/div>\n<div><strong>1. Desarrollo de un cilindro <\/strong><\/div>\n<div><\/div>\n<div>El cuerpo humano es un cuerpo geom\u00e9trico irregular, con evidentes diferencias de proporciones y de formas de unos individuos a otros, pero con las suficientes constantes como para establecer entre ellos ciertos rasgos comunes. El cuerpo geom\u00e9trico semejante al cuerpo humano es un cilindro y, por tanto, el rect\u00e1ngulo correspondiente al desarrollo de este cilindro podr\u00eda ser el rect\u00e1ngulo que envolviera al cuerpo humano, con las modificaciones indispensables para adaptarlo al cuello, brazos y piernas. Y \u00e9sta es la idea fundamental, b\u00e1sica, para estructurar nuestra vestimenta. Si ponemos ese rect\u00e1ngulo sobre la mesa de patronaje, tendremos la superficie sobre la que trazar el patr\u00f3n base de una prenda de vestir, definiendo sobre \u00e9l datos concretos sobre longitud, amplitud y forma.<\/div>\n","protected":false},"excerpt":{"rendered":"<p>Es el sistema de organizaci\u00f3n de la construcci\u00f3n de una prenda de vestir, consistente en desglosar por piezas separadas las diferentes \u00e1reas del cuerpo humano a vestir, de forma y manera que cada pieza de tela se adapte a ese \u00e1rea y que la uni\u00f3n de todas las piezas en un orden predeterminado produzca como [&hellip;]<\/p>\n","protected":false},"author":1,"featured_media":0,"parent":0,"menu_order":0,"comment_status":"open","ping_status":"open","template":"","meta":{"footnotes":""},"class_list":["post-16","page","type-page","status-publish","hentry"],"_links":{"self":[{"href":"https:\/\/leoreyesdevlabs.com\/academiaguarni\/wp-json\/wp\/v2\/pages\/16","targetHints":{"allow":["GET"]}}],"collection":[{"href":"https:\/\/leoreyesdevlabs.com\/academiaguarni\/wp-json\/wp\/v2\/pages"}],"about":[{"href":"https:\/\/leoreyesdevlabs.com\/academiaguarni\/wp-json\/wp\/v2\/types\/page"}],"author":[{"embeddable":true,"href":"https:\/\/leoreyesdevlabs.com\/academiaguarni\/wp-json\/wp\/v2\/users\/1"}],"replies":[{"embeddable":true,"href":"https:\/\/leoreyesdevlabs.com\/academiaguarni\/wp-json\/wp\/v2\/comments?post=16"}],"version-history":[{"count":0,"href":"https:\/\/leoreyesdevlabs.com\/academiaguarni\/wp-json\/wp\/v2\/pages\/16\/revisions"}],"wp:attachment":[{"href":"https:\/\/leoreyesdevlabs.com\/academiaguarni\/wp-json\/wp\/v2\/media?parent=16"}],"curies":[{"name":"wp","href":"https:\/\/api.w.org\/{rel}","templated":true}]}}