{"id":19,"date":"2011-05-31T02:35:19","date_gmt":"2011-05-31T02:35:19","guid":{"rendered":"http:\/\/academiaguarni.com\/?page_id=19"},"modified":"2023-08-04T21:24:57","modified_gmt":"2023-08-04T21:24:57","slug":"ropa-intima","status":"publish","type":"page","link":"https:\/\/leoreyesdevlabs.com\/academiaguarni\/ropa-intima\/","title":{"rendered":"Ropa Intima"},"content":{"rendered":"<p><img loading=\"lazy\" decoding=\"async\" class=\"alignnone size-full wp-image-384\" src=\"https:\/\/leoreyesdevlabs.com\/academiaguarni\/wp-content\/uploads\/2017\/01\/RopaIntima-1.jpg\" alt=\"\" width=\"580\" height=\"320\" srcset=\"https:\/\/leoreyesdevlabs.com\/academiaguarni\/wp-content\/uploads\/2017\/01\/RopaIntima-1.jpg 580w, https:\/\/leoreyesdevlabs.com\/academiaguarni\/wp-content\/uploads\/2017\/01\/RopaIntima-1-300x166.jpg 300w\" sizes=\"auto, (max-width: 580px) 100vw, 580px\" \/><\/p>\n<p>En este taller de Ropa Intima usted podr\u00e1 aprender a elaborar prendas como:<\/p>\n<p>Brasieres media copa, estrapless blumer, tangas, hilo, babydolls, pijamas, boxers de damas, cacheteros, salida de ba\u00f1o, calzoncillo de hombre, boxer anat\u00f3micos y dem\u00e1s prendas. Tallas S, M, L, XL.<\/p>\n","protected":false},"excerpt":{"rendered":"<p>En este taller de Ropa Intima usted podr\u00e1 aprender a elaborar prendas como: Brasieres media copa, estrapless blumer, tangas, hilo, babydolls, pijamas, boxers de damas, cacheteros, salida de ba\u00f1o, calzoncillo de hombre, boxer anat\u00f3micos y dem\u00e1s prendas. Tallas S, M, L, XL.<\/p>\n","protected":false},"author":1,"featured_media":0,"parent":0,"menu_order":0,"comment_status":"open","ping_status":"open","template":"","meta":{"footnotes":""},"class_list":["post-19","page","type-page","status-publish","hentry"],"_links":{"self":[{"href":"https:\/\/leoreyesdevlabs.com\/academiaguarni\/wp-json\/wp\/v2\/pages\/19","targetHints":{"allow":["GET"]}}],"collection":[{"href":"https:\/\/leoreyesdevlabs.com\/academiaguarni\/wp-json\/wp\/v2\/pages"}],"about":[{"href":"https:\/\/leoreyesdevlabs.com\/academiaguarni\/wp-json\/wp\/v2\/types\/page"}],"author":[{"embeddable":true,"href":"https:\/\/leoreyesdevlabs.com\/academiaguarni\/wp-json\/wp\/v2\/users\/1"}],"replies":[{"embeddable":true,"href":"https:\/\/leoreyesdevlabs.com\/academiaguarni\/wp-json\/wp\/v2\/comments?post=19"}],"version-history":[{"count":1,"href":"https:\/\/leoreyesdevlabs.com\/academiaguarni\/wp-json\/wp\/v2\/pages\/19\/revisions"}],"predecessor-version":[{"id":551,"href":"https:\/\/leoreyesdevlabs.com\/academiaguarni\/wp-json\/wp\/v2\/pages\/19\/revisions\/551"}],"wp:attachment":[{"href":"https:\/\/leoreyesdevlabs.com\/academiaguarni\/wp-json\/wp\/v2\/media?parent=19"}],"curies":[{"name":"wp","href":"https:\/\/api.w.org\/{rel}","templated":true}]}}