{"id":365,"date":"2017-01-10T01:04:44","date_gmt":"2017-01-10T01:04:44","guid":{"rendered":"http:\/\/localhost\/academia2017\/?page_id=365"},"modified":"2026-02-17T16:47:48","modified_gmt":"2026-02-17T16:47:48","slug":"graduaciones-2016","status":"publish","type":"page","link":"https:\/\/leoreyesdevlabs.com\/academiaguarni\/graduaciones-2016\/","title":{"rendered":"Graduaciones"},"content":{"rendered":"<p>\t\t\t\tAqui tenemos las graduaciones en diferentes lugares del pais con nuestra especialista Ruby Gonzalez con mas de 30 a\u00f1os de experiencia en el campo del Dise\u00f1o Corte y Confecci\u00f3n!<\/p>\n<p>&nbsp;<\/p>\n<div id='gallery-1' class='gallery galleryid-365 gallery-columns-3 gallery-size-thumbnail'><figure class='gallery-item'>\n\t\t\t<div class='gallery-icon landscape'>\n\t\t\t\t<a href='https:\/\/leoreyesdevlabs.com\/academiaguarni\/barva\/'><img loading=\"lazy\" decoding=\"async\" width=\"150\" height=\"150\" src=\"https:\/\/leoreyesdevlabs.com\/academiaguarni\/wp-content\/uploads\/2017\/01\/barva-1-150x150.jpg\" class=\"attachment-thumbnail size-thumbnail\" alt=\"\" \/><\/a>\n\t\t\t<\/div><\/figure><figure class='gallery-item'>\n\t\t\t<div class='gallery-icon landscape'>\n\t\t\t\t<a href='https:\/\/leoreyesdevlabs.com\/academiaguarni\/limon\/'><img loading=\"lazy\" decoding=\"async\" width=\"150\" height=\"150\" src=\"https:\/\/leoreyesdevlabs.com\/academiaguarni\/wp-content\/uploads\/2017\/01\/Limon-1-150x150.jpg\" class=\"attachment-thumbnail size-thumbnail\" alt=\"\" \/><\/a>\n\t\t\t<\/div><\/figure><figure class='gallery-item'>\n\t\t\t<div class='gallery-icon landscape'>\n\t\t\t\t<a href='https:\/\/leoreyesdevlabs.com\/academiaguarni\/san-pablo\/'><img loading=\"lazy\" decoding=\"async\" width=\"150\" height=\"150\" src=\"https:\/\/leoreyesdevlabs.com\/academiaguarni\/wp-content\/uploads\/2017\/01\/san-pablo-1-150x150.jpg\" class=\"attachment-thumbnail size-thumbnail\" alt=\"\" \/><\/a>\n\t\t\t<\/div><\/figure><figure class='gallery-item'>\n\t\t\t<div class='gallery-icon landscape'>\n\t\t\t\t<a href='https:\/\/leoreyesdevlabs.com\/academiaguarni\/la-suiza-heredia\/'><img loading=\"lazy\" decoding=\"async\" width=\"150\" height=\"150\" src=\"https:\/\/leoreyesdevlabs.com\/academiaguarni\/wp-content\/uploads\/2017\/01\/la-suiza-heredia-1-150x150.jpg\" class=\"attachment-thumbnail size-thumbnail\" alt=\"\" \/><\/a>\n\t\t\t<\/div><\/figure><figure class='gallery-item'>\n\t\t\t<div class='gallery-icon landscape'>\n\t\t\t\t<a href='https:\/\/leoreyesdevlabs.com\/academiaguarni\/cartago-potrero-cerrado\/'><img loading=\"lazy\" decoding=\"async\" width=\"150\" height=\"150\" src=\"https:\/\/leoreyesdevlabs.com\/academiaguarni\/wp-content\/uploads\/2017\/01\/cartago-potrero-cerrado-1-150x150.jpg\" class=\"attachment-thumbnail size-thumbnail\" alt=\"\" \/><\/a>\n\t\t\t<\/div><\/figure><figure class='gallery-item'>\n\t\t\t<div class='gallery-icon landscape'>\n\t\t\t\t<a href='https:\/\/leoreyesdevlabs.com\/academiaguarni\/cieneguita-limon\/'><img loading=\"lazy\" decoding=\"async\" width=\"150\" height=\"150\" src=\"https:\/\/leoreyesdevlabs.com\/academiaguarni\/wp-content\/uploads\/2017\/01\/cieneguita-Limon-1-150x150.jpg\" class=\"attachment-thumbnail size-thumbnail\" alt=\"\" \/><\/a>\n\t\t\t<\/div><\/figure><figure class='gallery-item'>\n\t\t\t<div class='gallery-icon landscape'>\n\t\t\t\t<a href='https:\/\/leoreyesdevlabs.com\/academiaguarni\/juan-vinas\/'><img loading=\"lazy\" decoding=\"async\" width=\"150\" height=\"150\" src=\"https:\/\/leoreyesdevlabs.com\/academiaguarni\/wp-content\/uploads\/2017\/01\/Juan-vinas-1-150x150.jpg\" class=\"attachment-thumbnail size-thumbnail\" alt=\"\" \/><\/a>\n\t\t\t<\/div><\/figure>\n\t\t<\/div>\n\n","protected":false},"excerpt":{"rendered":"<p>Aqui tenemos las graduaciones en diferentes lugares del pais con nuestra especialista Ruby Gonzalez con mas de 30 a\u00f1os de experiencia en el campo del Dise\u00f1o Corte y Confecci\u00f3n! &nbsp;<\/p>\n","protected":false},"author":1,"featured_media":0,"parent":0,"menu_order":0,"comment_status":"closed","ping_status":"closed","template":"","meta":{"footnotes":""},"class_list":["post-365","page","type-page","status-publish","hentry"],"_links":{"self":[{"href":"https:\/\/leoreyesdevlabs.com\/academiaguarni\/wp-json\/wp\/v2\/pages\/365","targetHints":{"allow":["GET"]}}],"collection":[{"href":"https:\/\/leoreyesdevlabs.com\/academiaguarni\/wp-json\/wp\/v2\/pages"}],"about":[{"href":"https:\/\/leoreyesdevlabs.com\/academiaguarni\/wp-json\/wp\/v2\/types\/page"}],"author":[{"embeddable":true,"href":"https:\/\/leoreyesdevlabs.com\/academiaguarni\/wp-json\/wp\/v2\/users\/1"}],"replies":[{"embeddable":true,"href":"https:\/\/leoreyesdevlabs.com\/academiaguarni\/wp-json\/wp\/v2\/comments?post=365"}],"version-history":[{"count":1,"href":"https:\/\/leoreyesdevlabs.com\/academiaguarni\/wp-json\/wp\/v2\/pages\/365\/revisions"}],"predecessor-version":[{"id":566,"href":"https:\/\/leoreyesdevlabs.com\/academiaguarni\/wp-json\/wp\/v2\/pages\/365\/revisions\/566"}],"wp:attachment":[{"href":"https:\/\/leoreyesdevlabs.com\/academiaguarni\/wp-json\/wp\/v2\/media?parent=365"}],"curies":[{"name":"wp","href":"https:\/\/api.w.org\/{rel}","templated":true}]}}