{"id":37,"date":"2011-05-31T03:18:14","date_gmt":"2011-05-31T03:18:14","guid":{"rendered":"http:\/\/academiaguarni.com\/?page_id=37"},"modified":"2023-08-04T21:23:17","modified_gmt":"2023-08-04T21:23:17","slug":"vestidos-de-bano-2","status":"publish","type":"page","link":"https:\/\/leoreyesdevlabs.com\/academiaguarni\/vestidos-de-bano-2\/","title":{"rendered":"Vestidos de Ba\u00f1o"},"content":{"rendered":"<p><img loading=\"lazy\" decoding=\"async\" class=\"alignnone size-full wp-image-315\" src=\"https:\/\/leoreyesdevlabs.com\/academiaguarni\/wp-content\/uploads\/2011\/05\/Vestidosdebano-1-1.jpg\" alt=\"Vestidos de ba\u00f1o\" width=\"580\" height=\"320\" srcset=\"https:\/\/leoreyesdevlabs.com\/academiaguarni\/wp-content\/uploads\/2011\/05\/Vestidosdebano-1-1.jpg 580w, https:\/\/leoreyesdevlabs.com\/academiaguarni\/wp-content\/uploads\/2011\/05\/Vestidosdebano-1-1-300x166.jpg 300w\" sizes=\"auto, (max-width: 580px) 100vw, 580px\" \/><\/p>\n<p>En este taller de vestidos de ba\u00f1o usted podr\u00e1 aprender a elaborar prendas como:<\/p>\n<p>Vestidos de Ba\u00f1o de una pieza y dos piezas, tangas, hilo, salida de ba\u00f1o,<\/p>\n<p>truza de hombre, boxer anat\u00f3micos y dem\u00e1s prendas. Tallas S, M, L, XL.<\/p>\n","protected":false},"excerpt":{"rendered":"<p>En este taller de vestidos de ba\u00f1o usted podr\u00e1 aprender a elaborar prendas como: Vestidos de Ba\u00f1o de una pieza y dos piezas, tangas, hilo, salida de ba\u00f1o, truza de hombre, boxer anat\u00f3micos y dem\u00e1s prendas. Tallas S, M, L, XL.<\/p>\n","protected":false},"author":1,"featured_media":0,"parent":0,"menu_order":0,"comment_status":"open","ping_status":"open","template":"","meta":{"footnotes":""},"class_list":["post-37","page","type-page","status-publish","hentry"],"_links":{"self":[{"href":"https:\/\/leoreyesdevlabs.com\/academiaguarni\/wp-json\/wp\/v2\/pages\/37","targetHints":{"allow":["GET"]}}],"collection":[{"href":"https:\/\/leoreyesdevlabs.com\/academiaguarni\/wp-json\/wp\/v2\/pages"}],"about":[{"href":"https:\/\/leoreyesdevlabs.com\/academiaguarni\/wp-json\/wp\/v2\/types\/page"}],"author":[{"embeddable":true,"href":"https:\/\/leoreyesdevlabs.com\/academiaguarni\/wp-json\/wp\/v2\/users\/1"}],"replies":[{"embeddable":true,"href":"https:\/\/leoreyesdevlabs.com\/academiaguarni\/wp-json\/wp\/v2\/comments?post=37"}],"version-history":[{"count":1,"href":"https:\/\/leoreyesdevlabs.com\/academiaguarni\/wp-json\/wp\/v2\/pages\/37\/revisions"}],"predecessor-version":[{"id":548,"href":"https:\/\/leoreyesdevlabs.com\/academiaguarni\/wp-json\/wp\/v2\/pages\/37\/revisions\/548"}],"wp:attachment":[{"href":"https:\/\/leoreyesdevlabs.com\/academiaguarni\/wp-json\/wp\/v2\/media?parent=37"}],"curies":[{"name":"wp","href":"https:\/\/api.w.org\/{rel}","templated":true}]}}