{"id":45,"date":"2011-05-31T17:15:27","date_gmt":"2011-05-31T17:15:27","guid":{"rendered":"http:\/\/academiaguarni.com\/?page_id=45"},"modified":"2011-05-31T17:15:27","modified_gmt":"2011-05-31T17:15:27","slug":"diseno-de-modas","status":"publish","type":"page","link":"https:\/\/leoreyesdevlabs.com\/academiaguarni\/diseno-de-modas\/","title":{"rendered":"Dise\u00f1o de Modas"},"content":{"rendered":"<p>\t\t\t\t<a href=\"http:\/\/localhost\/Academia2\/wp-content\/uploads\/2011\/05\/disenodemodas.jpg\"><img loading=\"lazy\" decoding=\"async\" class=\"aligncenter wp-image-326 size-full\" src=\"http:\/\/academiaguarni.com\/wp-content\/uploads\/2011\/05\/disenodemodas-1.jpg\" alt=\"Dise\u00f1o de modas en costa rica\" width=\"560\" height=\"335\" \/><\/a><\/p>\n<p>El <strong>dise\u00f1o de modas<\/strong> se encarga de <a title=\"Dise\u00f1o\" href=\"http:\/\/es.wikipedia.org\/wiki\/Dise%C3%B1o\">dise\u00f1o<\/a> de <a title=\"Indumentaria\" href=\"http:\/\/es.wikipedia.org\/wiki\/Indumentaria\">ropa<\/a> y accesorios creados dentro de las influencias <a title=\"Cultura\" href=\"http:\/\/es.wikipedia.org\/wiki\/Cultura\">culturales<\/a> y <a title=\"Sociedad\" href=\"http:\/\/es.wikipedia.org\/wiki\/Sociedad\">sociales<\/a> de un per\u00edodo espec\u00edfico. Representa el estilo e idea del dise\u00f1ador seg\u00fan su <a title=\"Principios de la composicion (a\u00fan no redactado)\" href=\"http:\/\/es.wikipedia.org\/w\/index.php?title=Principios_de_la_composicion&amp;action=edit&amp;redlink=1\">principios de la composicion<\/a>, <a title=\"Conocimiento\" href=\"http:\/\/es.wikipedia.org\/wiki\/Conocimiento\">conocimientos<\/a> y <a title=\"Talento (aptitud)\" href=\"http:\/\/es.wikipedia.org\/wiki\/Talento_%28aptitud%29\">talento<\/a>. No debe de confundirse con Corte y Confecci\u00f3n o <a title=\"Sastrer\u00eda\" href=\"http:\/\/es.wikipedia.org\/wiki\/Sastrer%C3%ADa\">sastrer\u00eda<\/a>, pues aunque el dise\u00f1o de modas est\u00e9 muy ligado a este, es una tarea distinta al Corte y Confecci\u00f3n o Sastrer\u00eda.<\/p>\n<p>E<strong>l dise\u00f1o de modas no siempre es un arte<\/strong>, ya que el arte no busca como fin obtener dinero y la moda en la mayoria de los casos s\u00ed; la moda se reconoce como un estilo de vida, ya que para dise\u00f1ar se tiene que conocer al cliente desde su nivel econ\u00f3mico, gustos de comida, de m\u00fasica, a d\u00f3nde le gusta salir a divertirse, etc.<\/p>\n<p>Dise\u00f1ador de la figura humana para que ese <a title=\"Intencionalidad\" href=\"http:\/\/es.wikipedia.org\/wiki\/Intencionalidad\">fin<\/a> sea logrado lo m\u00e1s satisfactoriamente posible.<\/p>\n<ul>\n<li><strong>Fin est\u00e9tico:<\/strong> Pretende crear una respuesta en qui\u00e9n lo observa siendo la belleza su \u00fanico eje.<\/li>\n<li><strong>Fin ergon\u00f3mico:<\/strong> Dise\u00f1o de una cobertura en perfecta armon\u00eda con la fisiolog\u00eda humana, haciendo que \u00e9sta mejore en uno o varios aspectos.<\/li>\n<li><strong>Fin de personalidad:<\/strong> Mediante la cobertura se sugiere un tipo de vida, inclinaciones pol\u00edticas, culturales, religiosas o de car\u00e1cter.<\/li>\n<li><strong>Fin de situaci\u00f3n:<\/strong> Analizando el envoltorio se sit\u00faa al individuo en un contexto hist\u00f3rico y geogr\u00e1fico concreto.<\/li>\n<li><strong>Fin emotivista:<\/strong> Mediante la imagen que se proyecta, se induce una respuesta emotiva<\/li>\n<\/ul>\n<p>Fuente (<a title=\"Ver fuente\" href=\"http:\/\/es.wikipedia.org\/wiki\/Dise%C3%B1o_de_modas\" target=\"_blank\" rel=\"noopener\">Wikipedia.org<\/a>)\t\t<\/p>\n","protected":false},"excerpt":{"rendered":"<p>El dise\u00f1o de modas se encarga de dise\u00f1o de ropa y accesorios creados dentro de las influencias culturales y sociales de un per\u00edodo espec\u00edfico. Representa el estilo e idea del dise\u00f1ador seg\u00fan su principios de la composicion, conocimientos y talento. No debe de confundirse con Corte y Confecci\u00f3n o sastrer\u00eda, pues aunque el dise\u00f1o de [&hellip;]<\/p>\n","protected":false},"author":1,"featured_media":0,"parent":0,"menu_order":0,"comment_status":"open","ping_status":"open","template":"","meta":{"footnotes":""},"class_list":["post-45","page","type-page","status-publish","hentry"],"_links":{"self":[{"href":"https:\/\/leoreyesdevlabs.com\/academiaguarni\/wp-json\/wp\/v2\/pages\/45","targetHints":{"allow":["GET"]}}],"collection":[{"href":"https:\/\/leoreyesdevlabs.com\/academiaguarni\/wp-json\/wp\/v2\/pages"}],"about":[{"href":"https:\/\/leoreyesdevlabs.com\/academiaguarni\/wp-json\/wp\/v2\/types\/page"}],"author":[{"embeddable":true,"href":"https:\/\/leoreyesdevlabs.com\/academiaguarni\/wp-json\/wp\/v2\/users\/1"}],"replies":[{"embeddable":true,"href":"https:\/\/leoreyesdevlabs.com\/academiaguarni\/wp-json\/wp\/v2\/comments?post=45"}],"version-history":[{"count":0,"href":"https:\/\/leoreyesdevlabs.com\/academiaguarni\/wp-json\/wp\/v2\/pages\/45\/revisions"}],"wp:attachment":[{"href":"https:\/\/leoreyesdevlabs.com\/academiaguarni\/wp-json\/wp\/v2\/media?parent=45"}],"curies":[{"name":"wp","href":"https:\/\/api.w.org\/{rel}","templated":true}]}}