{"id":50,"date":"2011-05-31T17:33:17","date_gmt":"2011-05-31T17:33:17","guid":{"rendered":"http:\/\/academiaguarni.com\/?page_id=50"},"modified":"2011-05-31T17:33:17","modified_gmt":"2011-05-31T17:33:17","slug":"cursos-grupales-e-individuales","status":"publish","type":"page","link":"https:\/\/leoreyesdevlabs.com\/academiaguarni\/cursos-grupales-e-individuales\/","title":{"rendered":"Curso grupal o individual."},"content":{"rendered":"<p style=\"text-align: center;\"><a href=\"http:\/\/localhost\/Academia2\/wp-content\/uploads\/2011\/05\/Cursos-individuales.jpg\"><img loading=\"lazy\" decoding=\"async\" class=\"aligncenter size-full wp-image-117\" style=\"border: 3px solid white;\" title=\"Cursos-individuales\" src=\"http:\/\/localhost\/Academia2\/wp-content\/uploads\/2011\/05\/Cursos-individuales.jpg\" alt=\"\" width=\"580\" height=\"320\" \/><\/a><\/p>\n<p>Tenemos diferentes modalidades de nuestros talleres tanto individual como grupal puede contactarnos por medio de email o via telef\u00f3nica, para el nivel grupal es un m\u00ednimo de 12 personas e individual cursos en San Jos\u00e9, Cartago y Heredia si esta interesado puede contactarnos por medio de este formulario.\t\t<\/p>\n","protected":false},"excerpt":{"rendered":"<p>Tenemos diferentes modalidades de nuestros talleres tanto individual como grupal puede contactarnos por medio de email o via telef\u00f3nica, para el nivel grupal es un m\u00ednimo de 12 personas e individual cursos en San Jos\u00e9, Cartago y Heredia si esta interesado puede contactarnos por medio de este formulario.<\/p>\n","protected":false},"author":1,"featured_media":0,"parent":0,"menu_order":0,"comment_status":"open","ping_status":"open","template":"","meta":{"footnotes":""},"class_list":["post-50","page","type-page","status-publish","hentry"],"_links":{"self":[{"href":"https:\/\/leoreyesdevlabs.com\/academiaguarni\/wp-json\/wp\/v2\/pages\/50","targetHints":{"allow":["GET"]}}],"collection":[{"href":"https:\/\/leoreyesdevlabs.com\/academiaguarni\/wp-json\/wp\/v2\/pages"}],"about":[{"href":"https:\/\/leoreyesdevlabs.com\/academiaguarni\/wp-json\/wp\/v2\/types\/page"}],"author":[{"embeddable":true,"href":"https:\/\/leoreyesdevlabs.com\/academiaguarni\/wp-json\/wp\/v2\/users\/1"}],"replies":[{"embeddable":true,"href":"https:\/\/leoreyesdevlabs.com\/academiaguarni\/wp-json\/wp\/v2\/comments?post=50"}],"version-history":[{"count":0,"href":"https:\/\/leoreyesdevlabs.com\/academiaguarni\/wp-json\/wp\/v2\/pages\/50\/revisions"}],"wp:attachment":[{"href":"https:\/\/leoreyesdevlabs.com\/academiaguarni\/wp-json\/wp\/v2\/media?parent=50"}],"curies":[{"name":"wp","href":"https:\/\/api.w.org\/{rel}","templated":true}]}}